{"id":59,"date":"2025-12-20T09:33:52","date_gmt":"2025-12-20T09:33:52","guid":{"rendered":"http:\/\/localhost\/drbs\/?page_id=59"},"modified":"2025-12-20T13:44:59","modified_gmt":"2025-12-20T13:44:59","slug":"objectives","status":"publish","type":"page","link":"https:\/\/drbs-vileparle.org.in\/?page_id=59","title":{"rendered":"\u0938\u0902\u0938\u094d\u0925\u0947\u091a\u0940 \u0909\u0926\u094d\u0926\u093f\u0937\u094d\u091f\u0947"},"content":{"rendered":"\n<p>1.osMemLe $e\u00ddiJesoer ye\u00b4e\u00efeCe meceepee\u00aeeer meJee\u00a5ieerCe GVeefle ke\u00c0jCes. (jepeke\u00c0er\u00b3e yeeyeer Kesjerpe)<\/p>\n\n\n\n<p>2. meceepeebleerue uee\u00b3eke\u00c0 Je nesleke\u00c0\u00a9 efJe\u00d0eeL\u00b3ee&amp;me meJe&amp; \u00d2eke\u00c0ej\u00ae\u00b3ee efMe#eCeeme Meke\u00cc\u00b3e les mene\u00b3\u00b3e ke\u00c0jCes.<\/p>\n\n\n\n<p>3. meceepeeleerue DeveeLe J\u00b3eke\u00ccleerme Meke\u00cc\u00b3e les mene\u00b3\u00b3e ke\u00c0jCes. Je l\u00b3eemee\u00feer \u00b3eespevee le\u00b3eej ke\u00c0jCes.<\/p>\n\n\n\n<p>4. meceepe peeie=leer Je \u00d2eyeesOeveemee\u00feer oemeveJeceer, Ske\u00c0veeLe&lt;e\u00e4er, Jeiewjs Oeeefce&amp;ke\u00c0 GlmeJe ke\u00c0jCes, Yeefieveer Jeiee&amp;mee\u00feer Jeemebefleke\u00c0 nUoer kegb\u00c0ket\u00c0, Je\u00ec meeefJe$eer Jeiewjs GlmeJe meceejbYe ke\u00c0jCes.<\/p>\n\n\n\n<p>5. J\u00b3eeK\u00b3eeves, HegjeCes, ke\u00c0erle&amp;ves ke\u00c0jefJeCes Je mvesn mebcesueves YejefJeCes, mebmke\u00c0ej keW\u00c0\u00ea \u00aeeeueefJeCes. ieerlee He\u00feCe, Yepeveemee\u00feer mees\u00b3eer GHeueyOe ke\u00c0\u00a9ve osCes.<\/p>\n\n\n\n<p>6. meceepeeleerue Leesj, efJe\u00dceve, iegCeer Je veeceebefke\u00c0le J\u00b3eke\u00ccleebr\u00aeee ieewjJe Je melke\u00c0ej meceejbYe ke\u00c0jCes. (Jejerue G\u00cesMeevegmeej Flej meceepe Je mebmLeeMeer menke\u00c0e\u00b3e&amp; ke\u00c0jCes.)<\/p>\n\n\n\n<p>7. meceepe yeebOeJeeb\u00ae\u00b3ee GHe\u00b3eesieemee\u00feer Je meeceev\u00b3e pevelesmee\u00feer \u00a9iCeesHe\u00b3eesieer meeOeves \u00fesJeCes.<\/p>\n\n\n\n<p>8. efvejefveje\u00c8\u00b3ee ke\u00c0eceeke\u00c0efjlee MeeKee ke\u00c0e{Ces Je pe\u00a9jer\u00d2eceeCes Hees\u00ec ceb[Us vesceCes Je l\u00b3eeke\u00c0efjlee efve\u00b3ece ke\u00c0jCes. Jejerue G\u00cesMeevegmeej Flej meceepe Je mebmLeebMeer menke\u00c0e\u00b3e&amp; ke\u00c0jCes.<\/p>\n\n\n\n<p>9. ceesHe\u00c0le efkeb\u00c0Jee Del\u00b3euHe Meguke\u00c0 IesTve meYeemeoemee\u00feer Je Flejebmee\u00feerner Jew\u00d0eke\u00c0er\u00b3e leHeemeCeer efMeyeerjs YejefJeCes.<\/p>\n\n\n\n<p>10. \u00b3eesiee\u00aees DeY\u00b3eeme-Jeie&amp; \u00aeeeueefJeCes.<\/p>\n\n\n\n<p>11. ceefnueebmee\u00feer J\u00b3ee\u00b3eeceMeeUe meg\u00a9 ke\u00c0jCes.<\/p>\n\n\n\n<p>12. iejerye efJe\u00d0eeL\u00b3ee\u00a5mee\u00feer DeY\u00b3eeefmeke\u00c0e meke\u00c0eUer 8.00 Heemetve je$eew 11.00 He\u00b3e\u00a5le \u00aeeeueefJeCes. G\u00ae\u00aee efMe#eCeemee\u00feer meboYe&amp; \u00fbebLe GHeueyOe ke\u00c0\u00a9ve osCes.<\/p>\n\n\n\n<p>13. Jeefj\u00ff veeieefjke\u00c0ebmee\u00feer (<code>Senior Citizens<\/code>) <code>Day care centre<\/code> \u00aeeeueefJeCes.<\/p>\n\n\n\n<p>14. efJe\u00d0eeL\u00b3ee\u00a5mee\u00feer efJeefJeOe mHeOee&amp; IesCes.<\/p>\n\n\n\n<p>15. efvejefveje\u00c8\u00b3ee meeceeefpeke\u00c0 mecem\u00b3eebJej ueeske\u00c0peeie=leer ke\u00c0jCes Je peveefnleeLe&amp; mebmLee cnCetve GHe\u00b3eesieer He[Ces.<\/p>\n\n\n\n<p>16. Del\u00b3euHe Ke\u00aeee&amp;le  <code>Group Insurance<\/code>  DeLeJee  <code>Ambulance at your call<\/code> DeMeemeejK\u00b3ee meesF\u00a5\u00aeeer GHeueyOelee ke\u00c0\u00a9ve osCes. <code><\/code><\/p>\n\n\n\n<p>17. \u00d2ee\u00b3eesefieke\u00c0 vee\u00ec\u00eeemebmLeebvee DeuHeojele peeiee GHeueyOe ke\u00c0\u00a9ve osCes.<\/p>\n\n\n\n<p>18. meebmke=\u00c0efleke\u00c0 Je je&lt;\u00ec^er\u00b3e GlmeJe meepejs ke\u00c0jCes.<\/p>\n\n\n\n<p>19. mebIee\u00ae\u00b3ee ceoleer ke\u00c0jlee ke\u00c0jceCegke\u00c0er\u00ae\u00b3ee ke\u00c0e\u00b3e&amp;\u00ace\u00c0ceeb\u00aees Dee\u00b3eespeve ke\u00c0jCes.<\/p>\n\n\n\n<p>20. mLeeefveke\u00c0 De[\u00aeeCeer otj ke\u00c0jC\u00b3eemee\u00feer MeeKee ke\u00c0e{Ces, ke\u00c0e\u00b3eoe meuueekeW\u00c0\u00ea meg\u00a9 ke\u00c0jCes, efJeJeen mecegHeosMeve keW\u00c0\u00ea \u00aeeeuet ke\u00c0jCes.<\/p>\n\n\n\n<p>21. mebmLes\u00aeee Fceejle efJemleej Peeu\u00b3eeJej efJe%eeve \u00d2eoMe&amp;ves, efJe%eeve J\u00b3eeK\u00b3eeveceeuee, Heg&lt;He \u00d2eoMe&amp;ve, ke\u00c0uee oeueve F. GHe\u00ace\u00c0ce \u00aeeeuet ke\u00c0jCes.<\/p>\n","protected":false},"excerpt":{"rendered":"<p>1.osMemLe $e\u00ddiJesoer ye\u00b4e\u00efeCe meceepee\u00aeeer meJee\u00a5ieerCe GVeefle ke\u00c0jCes. (jepeke\u00c0er\u00b3e yeeyeer Kesjerpe) 2. meceepeebleerue uee\u00b3eke\u00c0 Je nesleke\u00c0\u00a9 efJe\u00d0eeL\u00b3ee&amp;me meJe&amp; \u00d2eke\u00c0ej\u00ae\u00b3ee efMe#eCeeme Meke\u00cc\u00b3e les mene\u00b3\u00b3e ke\u00c0jCes. 3. meceepeeleerue DeveeLe J\u00b3eke\u00ccleerme Meke\u00cc\u00b3e les mene\u00b3\u00b3e ke\u00c0jCes. Je l\u00b3eemee\u00feer \u00b3eespevee le\u00b3eej ke\u00c0jCes. 4. meceepe peeie=leer Je \u00d2eyeesOeveemee\u00feer oemeveJeceer, Ske\u00c0veeLe&lt;e\u00e4er, Jeiewjs Oeeefce&amp;ke\u00c0 GlmeJe ke\u00c0jCes, Yeefieveer Jeiee&amp;mee\u00feer Jeemebefleke\u00c0 nUoer kegb\u00c0ket\u00c0, Je\u00ec meeefJe$eer Jeiewjs [&hellip;]<\/p>\n","protected":false},"author":1,"featured_media":0,"parent":0,"menu_order":0,"comment_status":"closed","ping_status":"closed","template":"","meta":{"footnotes":""},"class_list":["post-59","page","type-page","status-publish","hentry"],"_links":{"self":[{"href":"https:\/\/drbs-vileparle.org.in\/index.php?rest_route=\/wp\/v2\/pages\/59","targetHints":{"allow":["GET"]}}],"collection":[{"href":"https:\/\/drbs-vileparle.org.in\/index.php?rest_route=\/wp\/v2\/pages"}],"about":[{"href":"https:\/\/drbs-vileparle.org.in\/index.php?rest_route=\/wp\/v2\/types\/page"}],"author":[{"embeddable":true,"href":"https:\/\/drbs-vileparle.org.in\/index.php?rest_route=\/wp\/v2\/users\/1"}],"replies":[{"embeddable":true,"href":"https:\/\/drbs-vileparle.org.in\/index.php?rest_route=%2Fwp%2Fv2%2Fcomments&post=59"}],"version-history":[{"count":3,"href":"https:\/\/drbs-vileparle.org.in\/index.php?rest_route=\/wp\/v2\/pages\/59\/revisions"}],"predecessor-version":[{"id":372,"href":"https:\/\/drbs-vileparle.org.in\/index.php?rest_route=\/wp\/v2\/pages\/59\/revisions\/372"}],"wp:attachment":[{"href":"https:\/\/drbs-vileparle.org.in\/index.php?rest_route=%2Fwp%2Fv2%2Fmedia&parent=59"}],"curies":[{"name":"wp","href":"https:\/\/api.w.org\/{rel}","templated":true}]}}