{"id":37,"date":"2025-12-20T07:07:15","date_gmt":"2025-12-20T07:07:15","guid":{"rendered":"http:\/\/localhost\/drbs\/?page_id=37"},"modified":"2025-12-27T12:25:08","modified_gmt":"2025-12-27T12:25:08","slug":"history","status":"publish","type":"page","link":"https:\/\/drbs-vileparle.org.in\/?page_id=37","title":{"rendered":"\u0905\u092e\u0943\u0924 \u092e\u0939\u094b\u0924\u094d\u0938\u0935 \u0968\u0966\u0967\u0967"},"content":{"rendered":"\n<p><strong>keg\u00c0ueervew:men mebHeke&amp;\u00c0ced meppevew:men efce$eleeced %eeefleefYe\u00bde meceb cesue\u201d\u00a0<\/strong>ner meJe&amp; Gefo&lt;\u00ecs meeOele efMeJee\u00b3e meceepeele ef\u00feke\u00c0ef\u00feke\u00c0eCeer efJeKegjuesu\u00b3ee ke\u00c0le&amp;=lJeJeble, efJe\u00d0eeJeble, iegCeJeble, ke\u00c0erefle&amp;Jeble DeMeer DeeHeeHeu\u00b3ee #es$eele efMeKej\u00a9He DemeCeejer Deveske\u00c0 G\u00caegbie J\u00b3eeqke<\/p>\n\n\n\n<p><\/p>\n","protected":false},"excerpt":{"rendered":"<p>keg\u00c0ueervew:men mebHeke&amp;\u00c0ced meppevew:men efce$eleeced %eeefleefYe\u00bde meceb cesue\u201d\u00a0ner meJe&amp; Gefo&lt;\u00ecs meeOele efMeJee\u00b3e meceepeele ef\u00feke\u00c0ef\u00feke\u00c0eCeer efJeKegjuesu\u00b3ee ke\u00c0le&amp;=lJeJeble, efJe\u00d0eeJeble, iegCeJeble, ke\u00c0erefle&amp;Jeble DeMeer DeeHeeHeu\u00b3ee #es$eele efMeKej\u00a9He DemeCeejer Deveske\u00c0 G\u00caegbie J\u00b3eeqke<\/p>\n","protected":false},"author":1,"featured_media":0,"parent":0,"menu_order":0,"comment_status":"closed","ping_status":"closed","template":"","meta":{"footnotes":""},"class_list":["post-37","page","type-page","status-publish","hentry"],"_links":{"self":[{"href":"https:\/\/drbs-vileparle.org.in\/index.php?rest_route=\/wp\/v2\/pages\/37","targetHints":{"allow":["GET"]}}],"collection":[{"href":"https:\/\/drbs-vileparle.org.in\/index.php?rest_route=\/wp\/v2\/pages"}],"about":[{"href":"https:\/\/drbs-vileparle.org.in\/index.php?rest_route=\/wp\/v2\/types\/page"}],"author":[{"embeddable":true,"href":"https:\/\/drbs-vileparle.org.in\/index.php?rest_route=\/wp\/v2\/users\/1"}],"replies":[{"embeddable":true,"href":"https:\/\/drbs-vileparle.org.in\/index.php?rest_route=%2Fwp%2Fv2%2Fcomments&post=37"}],"version-history":[{"count":8,"href":"https:\/\/drbs-vileparle.org.in\/index.php?rest_route=\/wp\/v2\/pages\/37\/revisions"}],"predecessor-version":[{"id":162,"href":"https:\/\/drbs-vileparle.org.in\/index.php?rest_route=\/wp\/v2\/pages\/37\/revisions\/162"}],"wp:attachment":[{"href":"https:\/\/drbs-vileparle.org.in\/index.php?rest_route=%2Fwp%2Fv2%2Fmedia&parent=37"}],"curies":[{"name":"wp","href":"https:\/\/api.w.org\/{rel}","templated":true}]}}